{"id":77,"date":"2019-08-29T12:47:55","date_gmt":"2019-08-29T10:47:55","guid":{"rendered":"https:\/\/www.weis-gmbh.at\/ws\/?page_id=77"},"modified":"2019-08-29T17:18:00","modified_gmt":"2019-08-29T15:18:00","slug":"unser-betrieb","status":"publish","type":"page","link":"https:\/\/www.weis-gmbh.at\/ws\/unser-betrieb\/","title":{"rendered":"Unser Betrieb"},"content":{"rendered":"\n<p>Die Weis GmbH ist ein Handel bzw. Montagebetrieb, der mit der Zeit geht. Seit Bestehen unseres Unternehmens sind wir stolz auf unsere zahlreichen zufriedenen Kunden und stets bestrebt, Ihre\nW\u00fcnsche so weit wie m\u00f6glich umzusetzen und geben daf\u00fcr jeden Tag aufs Neue unser Bestes.<\/p>\n\n\n\n<p>Langj\u00e4hrige Erfahrung im Bereich Fenster , T\u00fcren , Sonnenschutz !<\/p>\n\n\n\n<p>Unsere Mitarbeiter achten auf die hohe Qualit\u00e4t ihres Handwerks und freuen sich Sie von unserer Qualit\u00e4t zu \u00fcberzeugen!<\/p>\n\n\n\n<div class=\"wp-block-media-text alignwide\" style=\"grid-template-columns:27% auto\"><figure class=\"wp-block-media-text__media\"><img fetchpriority=\"high\" decoding=\"async\" width=\"358\" height=\"406\" src=\"https:\/\/www.weis-gmbh.at\/ws\/wp-content\/uploads\/2019\/08\/Franky.jpg\" alt=\"\" class=\"wp-image-195\" srcset=\"https:\/\/www.weis-gmbh.at\/ws\/wp-content\/uploads\/2019\/08\/Franky.jpg 358w, https:\/\/www.weis-gmbh.at\/ws\/wp-content\/uploads\/2019\/08\/Franky-265x300.jpg 265w\" sizes=\"(max-width: 358px) 100vw, 358px\" \/><\/figure><div class=\"wp-block-media-text__content\">\n<p class=\"has-medium-font-size\"><strong><span class=\"tadv-color\" style=\"color:#cf2e2e\">Franz Weis<\/span><\/strong><\/p>\n\n\n\n<p>Gesch\u00e4ftsf\u00fchrer<\/p>\n\n\n\n<p>Telefon: +43 676 4323929<\/p>\n\n\n\n<p>E-Mail: <b><u class=\"remove-format\"><font color=\"#007000\"><a href=\"mailto:weis-gmbh@outlook.com\">weis@wei<\/a><\/font><\/u><\/b><a href=\"mailto:weis-gmbh@outlook.com\"><strong>s-gmbh.at<\/strong><\/a><\/p>\n<\/div><\/div>\n\n\n\n<p><\/p>\n","protected":false},"excerpt":{"rendered":"<p>Die Weis GmbH ist ein Handel bzw. Montagebetrieb, der mit der Zeit geht. Seit Bestehen unseres Unternehmens sind wir stolz auf unsere zahlreichen zufriedenen Kunden und stets bestrebt, Ihre W\u00fcnsche so weit wie m\u00f6glich umzusetzen und geben daf\u00fcr jeden Tag aufs Neue unser Bestes. Langj\u00e4hrige Erfahrung im Bereich Fenster , T\u00fcren , Sonnenschutz ! Unsere [&hellip;]<\/p>\n","protected":false},"author":1,"featured_media":0,"parent":0,"menu_order":0,"comment_status":"closed","ping_status":"closed","template":"","meta":{"_monsterinsights_skip_tracking":false,"_monsterinsights_sitenote_active":false,"_monsterinsights_sitenote_note":"","_monsterinsights_sitenote_category":0,"footnotes":""},"class_list":["post-77","page","type-page","status-publish","hentry"],"aioseo_notices":[],"_links":{"self":[{"href":"https:\/\/www.weis-gmbh.at\/ws\/wp-json\/wp\/v2\/pages\/77","targetHints":{"allow":["GET"]}}],"collection":[{"href":"https:\/\/www.weis-gmbh.at\/ws\/wp-json\/wp\/v2\/pages"}],"about":[{"href":"https:\/\/www.weis-gmbh.at\/ws\/wp-json\/wp\/v2\/types\/page"}],"author":[{"embeddable":true,"href":"https:\/\/www.weis-gmbh.at\/ws\/wp-json\/wp\/v2\/users\/1"}],"replies":[{"embeddable":true,"href":"https:\/\/www.weis-gmbh.at\/ws\/wp-json\/wp\/v2\/comments?post=77"}],"version-history":[{"count":3,"href":"https:\/\/www.weis-gmbh.at\/ws\/wp-json\/wp\/v2\/pages\/77\/revisions"}],"predecessor-version":[{"id":197,"href":"https:\/\/www.weis-gmbh.at\/ws\/wp-json\/wp\/v2\/pages\/77\/revisions\/197"}],"wp:attachment":[{"href":"https:\/\/www.weis-gmbh.at\/ws\/wp-json\/wp\/v2\/media?parent=77"}],"curies":[{"name":"wp","href":"https:\/\/api.w.org\/{rel}","templated":true}]}}