{"id":66,"date":"2019-08-28T21:54:20","date_gmt":"2019-08-28T19:54:20","guid":{"rendered":"https:\/\/www.weis-gmbh.at\/ws\/?page_id=66"},"modified":"2025-12-11T21:58:01","modified_gmt":"2025-12-11T20:58:01","slug":"home-2","status":"publish","type":"page","link":"https:\/\/www.weis-gmbh.at\/ws\/","title":{"rendered":"HIER bin ich ZU HAUSE"},"content":{"rendered":"\t\t<div data-elementor-type=\"wp-post\" data-elementor-id=\"66\" class=\"elementor elementor-66\">\n\t\t\t\t\t\t<section class=\"elementor-section elementor-top-section elementor-element elementor-element-49800e86 elementor-section-boxed elementor-section-height-default elementor-section-height-default\" data-id=\"49800e86\" data-element_type=\"section\">\n\t\t\t\t\t\t<div class=\"elementor-container elementor-column-gap-default\">\n\t\t\t\t\t<div class=\"elementor-column elementor-col-100 elementor-top-column elementor-element elementor-element-499d9a57\" data-id=\"499d9a57\" data-element_type=\"column\">\n\t\t\t<div class=\"elementor-widget-wrap elementor-element-populated\">\n\t\t\t\t\t\t<div class=\"elementor-element elementor-element-5f8b8081 elementor-widget elementor-widget-text-editor\" data-id=\"5f8b8081\" data-element_type=\"widget\" data-widget_type=\"text-editor.default\">\n\t\t\t\t<div class=\"elementor-widget-container\">\n\t\t\t\t\t\t\t\t\t<ul><li><img decoding=\"async\" class=\"size-full wp-image-374 aligncenter\" src=\"https:\/\/www.weis-gmbh.at\/ws\/wp-content\/uploads\/2021\/01\/cropped-images-1.png\" alt=\"\" width=\"275\" height=\"151\" \/><\/li><\/ul>\t\t\t\t\t\t\t\t<\/div>\n\t\t\t\t<\/div>\n\t\t\t\t\t<\/div>\n\t\t<\/div>\n\t\t\t\t\t<\/div>\n\t\t<\/section>\n\t\t\t\t<section class=\"elementor-section elementor-top-section elementor-element elementor-element-b1484b7 elementor-section-boxed elementor-section-height-default elementor-section-height-default\" data-id=\"b1484b7\" data-element_type=\"section\">\n\t\t\t\t\t\t<div class=\"elementor-container elementor-column-gap-default\">\n\t\t\t\t\t<div class=\"elementor-column elementor-col-100 elementor-top-column elementor-element elementor-element-481345a\" data-id=\"481345a\" data-element_type=\"column\">\n\t\t\t<div class=\"elementor-widget-wrap elementor-element-populated\">\n\t\t\t\t\t\t<div class=\"elementor-element elementor-element-3e299c3 elementor-widget elementor-widget-text-editor\" data-id=\"3e299c3\" data-element_type=\"widget\" data-widget_type=\"text-editor.default\">\n\t\t\t\t<div class=\"elementor-widget-container\">\n\t\t\t\t\t\t\t\t\t<p><span style=\"font-size: 14pt; font-family: arial, helvetica, sans-serif;\">Machen Sie sich einen \u00dcberblick auf unserer Website in den Bereichen :<\/span><\/p><p><span style=\"font-size: 14pt; font-family: arial, helvetica, sans-serif;\">\u00a0<\/span><\/p><ul><li style=\"list-style-type: none;\"><ul style=\"list-style-type: circle;\"><li><span style=\"color: var( --e-global-color-text ); font-family: var( --e-global-typography-text-font-family ), Sans-serif; font-size: 18pt; font-weight: var( --e-global-typography-text-font-weight );\">FENSTER<\/span><\/li><li><span style=\"color: var( --e-global-color-text ); font-family: var( --e-global-typography-text-font-family ), Sans-serif; font-size: 18pt; font-weight: var( --e-global-typography-text-font-weight );\">T\u00dcREN<\/span><\/li><li><span style=\"color: var( --e-global-color-text ); font-family: var( --e-global-typography-text-font-family ), Sans-serif; font-size: 18pt; font-weight: var( --e-global-typography-text-font-weight );\">SONNENSCHUTZ<\/span><\/li><li><span style=\"color: var( --e-global-color-text ); font-family: var( --e-global-typography-text-font-family ), Sans-serif; font-size: 18pt; font-weight: var( --e-global-typography-text-font-weight );\">INNENT\u00dcREN<\/span><\/li><li><span style=\"color: var( --e-global-color-text ); font-family: var( --e-global-typography-text-font-family ), Sans-serif; font-size: 18pt; font-weight: var( --e-global-typography-text-font-weight );\">GARAGENTORE<\/span><\/li><li><span style=\"color: var( --e-global-color-text ); font-family: var( --e-global-typography-text-font-family ), Sans-serif; font-size: 18pt; font-weight: var( --e-global-typography-text-font-weight );\">EINGANGST\u00dcREN<\/span><\/li><\/ul><\/li><\/ul><p><span style=\"font-size: 18pt;\">\u00a0<\/span><\/p><p><span style=\"font-size: 18pt;\">Gerne k\u00f6nnen Sie unser Kontaktformular verwenden !<\/span><\/p><p><span style=\"font-size: 18pt;\">Oder Sie schreiben uns einfach eine MAIL mit ihrer\u00a0 Anfrage !<\/span><\/p><p><span style=\"font-size: 14pt;\">\u00a0<\/span><\/p><p><span style=\"font-size: 14pt;\">Angebote sind bei uns kostenlos und wir beraten SIE auch gerne\u00a0<\/span><\/p><p><span style=\"font-size: 14pt;\">vor ORT zu Ihrem Vorhaben !<\/span><\/p>\t\t\t\t\t\t\t\t<\/div>\n\t\t\t\t<\/div>\n\t\t\t\t\t<\/div>\n\t\t<\/div>\n\t\t\t\t\t<\/div>\n\t\t<\/section>\n\t\t\t\t<section class=\"elementor-section elementor-top-section elementor-element elementor-element-3d42ca8 elementor-section-boxed elementor-section-height-default elementor-section-height-default\" data-id=\"3d42ca8\" data-element_type=\"section\">\n\t\t\t\t\t\t<div class=\"elementor-container elementor-column-gap-default\">\n\t\t\t\t\t<div class=\"elementor-column elementor-col-100 elementor-top-column elementor-element elementor-element-0a0da15\" data-id=\"0a0da15\" data-element_type=\"column\">\n\t\t\t<div class=\"elementor-widget-wrap elementor-element-populated\">\n\t\t\t\t\t\t<div class=\"elementor-element elementor-element-3fd6e80 elementor-widget elementor-widget-image\" data-id=\"3fd6e80\" data-element_type=\"widget\" data-widget_type=\"image.default\">\n\t\t\t\t<div class=\"elementor-widget-container\">\n\t\t\t\t\t\t\t\t\t\t\t\t\t\t\t<img fetchpriority=\"high\" decoding=\"async\" width=\"640\" height=\"903\" src=\"https:\/\/www.weis-gmbh.at\/ws\/wp-content\/uploads\/2025\/12\/bm26-hoch-2-726x1024.jpg\" class=\"attachment-large size-large wp-image-556\" alt=\"\" srcset=\"https:\/\/www.weis-gmbh.at\/ws\/wp-content\/uploads\/2025\/12\/bm26-hoch-2-726x1024.jpg 726w, https:\/\/www.weis-gmbh.at\/ws\/wp-content\/uploads\/2025\/12\/bm26-hoch-2-213x300.jpg 213w, https:\/\/www.weis-gmbh.at\/ws\/wp-content\/uploads\/2025\/12\/bm26-hoch-2-768x1084.jpg 768w, https:\/\/www.weis-gmbh.at\/ws\/wp-content\/uploads\/2025\/12\/bm26-hoch-2-1089x1536.jpg 1089w, https:\/\/www.weis-gmbh.at\/ws\/wp-content\/uploads\/2025\/12\/bm26-hoch-2-1451x2048.jpg 1451w, https:\/\/www.weis-gmbh.at\/ws\/wp-content\/uploads\/2025\/12\/bm26-hoch-2.jpg 1696w\" sizes=\"(max-width: 640px) 100vw, 640px\" \/>\t\t\t\t\t\t\t\t\t\t\t\t\t\t\t<\/div>\n\t\t\t\t<\/div>\n\t\t\t\t\t<\/div>\n\t\t<\/div>\n\t\t\t\t\t<\/div>\n\t\t<\/section>\n\t\t\t\t<section class=\"elementor-section elementor-top-section elementor-element elementor-element-ec90bf6 elementor-section-boxed elementor-section-height-default elementor-section-height-default\" data-id=\"ec90bf6\" data-element_type=\"section\">\n\t\t\t\t\t\t<div class=\"elementor-container elementor-column-gap-default\">\n\t\t\t\t\t<div class=\"elementor-column elementor-col-100 elementor-top-column elementor-element elementor-element-4365bb0\" data-id=\"4365bb0\" data-element_type=\"column\">\n\t\t\t<div class=\"elementor-widget-wrap elementor-element-populated\">\n\t\t\t\t\t\t<div class=\"elementor-element elementor-element-a94ff56 elementor-widget elementor-widget-video\" data-id=\"a94ff56\" data-element_type=\"widget\" data-settings=\"{&quot;video_type&quot;:&quot;hosted&quot;,&quot;start&quot;:0,&quot;autoplay&quot;:&quot;yes&quot;,&quot;play_on_mobile&quot;:&quot;yes&quot;,&quot;mute&quot;:&quot;yes&quot;,&quot;controls&quot;:&quot;yes&quot;}\" data-widget_type=\"video.default\">\n\t\t\t\t<div class=\"elementor-widget-container\">\n\t\t\t\t\t\t\t<div class=\"e-hosted-video elementor-wrapper elementor-open-inline\">\n\t\t\t\t\t<video class=\"elementor-video\" src=\"https:\/\/www.weis-gmbh.at\/ws\/wp-content\/uploads\/2025\/12\/de_Header-Video_TV-Spot-Heizkosten_3-2023.mp4\" autoplay=\"\" controls=\"\" muted=\"muted\" playsinline=\"\" controlsList=\"nodownload\"><\/video>\n\t\t\t\t<\/div>\n\t\t\t\t\t\t<\/div>\n\t\t\t\t<\/div>\n\t\t\t\t<div class=\"elementor-element elementor-element-ba703cb elementor-widget elementor-widget-eael-facebook-feed\" data-id=\"ba703cb\" data-element_type=\"widget\" data-widget_type=\"eael-facebook-feed.default\">\n\t\t\t\t<div class=\"elementor-widget-container\">\n\t\t\t\t\t        <div class=\"eael-facebook-feed eael-col-3 eael-facebook-feed-card\" id=\"eael-facebook-feed-ba703cb\">\n                    <\/div>\n        <div class=\"clearfix\"><\/div>\n        \t\t\t\t<\/div>\n\t\t\t\t<\/div>\n\t\t\t\t\t<\/div>\n\t\t<\/div>\n\t\t\t\t\t<\/div>\n\t\t<\/section>\n\t\t\t\t<section class=\"elementor-section elementor-top-section elementor-element elementor-element-c38f5c3 elementor-section-boxed elementor-section-height-default elementor-section-height-default\" data-id=\"c38f5c3\" data-element_type=\"section\">\n\t\t\t\t\t\t<div class=\"elementor-container elementor-column-gap-default\">\n\t\t\t\t\t<div class=\"elementor-column elementor-col-100 elementor-top-column elementor-element elementor-element-1c4b53b\" data-id=\"1c4b53b\" data-element_type=\"column\">\n\t\t\t<div class=\"elementor-widget-wrap\">\n\t\t\t\t\t\t\t<\/div>\n\t\t<\/div>\n\t\t\t\t\t<\/div>\n\t\t<\/section>\n\t\t\t\t<section class=\"elementor-section elementor-top-section elementor-element elementor-element-a1ab352 elementor-section-boxed elementor-section-height-default elementor-section-height-default\" data-id=\"a1ab352\" data-element_type=\"section\">\n\t\t\t\t\t\t<div class=\"elementor-container elementor-column-gap-default\">\n\t\t\t\t\t<div class=\"elementor-column elementor-col-100 elementor-top-column elementor-element elementor-element-a92e991\" data-id=\"a92e991\" data-element_type=\"column\">\n\t\t\t<div class=\"elementor-widget-wrap elementor-element-populated\">\n\t\t\t\t\t\t<div class=\"elementor-element elementor-element-2063ff9 elementor-widget elementor-widget-html\" data-id=\"2063ff9\" data-element_type=\"widget\" data-widget_type=\"html.default\">\n\t\t\t\t<div class=\"elementor-widget-container\">\n\t\t\t\t\t<iframe src=\"https:\/\/www.facebook.com\/plugins\/page.php?href=https%3A%2F%2Fwww.facebook.com%2Ffranzweisgmbh&tabs=timeline&width=500&height=600&small_header=false&adapt_container_width=true&hide_cover=false&show_facepile=true&appId=862421672948898\" width=\"500\" height=\"600\" style=\"border:none;overflow:hidden\" scrolling=\"no\" frameborder=\"0\" allowfullscreen=\"true\" allow=\"autoplay; clipboard-write; encrypted-media; picture-in-picture; web-share\"><\/iframe>\t\t\t\t<\/div>\n\t\t\t\t<\/div>\n\t\t\t\t\t<\/div>\n\t\t<\/div>\n\t\t\t\t\t<\/div>\n\t\t<\/section>\n\t\t\t\t<\/div>\n\t\t","protected":false},"excerpt":{"rendered":"<p>Machen Sie sich einen \u00dcberblick auf unserer Website in den Bereichen : \u00a0 FENSTER T\u00dcREN SONNENSCHUTZ INNENT\u00dcREN GARAGENTORE EINGANGST\u00dcREN \u00a0 Gerne k\u00f6nnen Sie unser Kontaktformular verwenden ! Oder Sie schreiben uns einfach eine MAIL mit ihrer\u00a0 Anfrage ! \u00a0 Angebote sind bei uns kostenlos und wir beraten SIE auch gerne\u00a0 vor ORT zu Ihrem Vorhaben [&hellip;]<\/p>\n","protected":false},"author":1,"featured_media":0,"parent":0,"menu_order":0,"comment_status":"closed","ping_status":"closed","template":"","meta":{"_monsterinsights_skip_tracking":false,"_monsterinsights_sitenote_active":false,"_monsterinsights_sitenote_note":"","_monsterinsights_sitenote_category":0,"footnotes":""},"class_list":["post-66","page","type-page","status-publish","hentry"],"aioseo_notices":[],"_links":{"self":[{"href":"https:\/\/www.weis-gmbh.at\/ws\/wp-json\/wp\/v2\/pages\/66","targetHints":{"allow":["GET"]}}],"collection":[{"href":"https:\/\/www.weis-gmbh.at\/ws\/wp-json\/wp\/v2\/pages"}],"about":[{"href":"https:\/\/www.weis-gmbh.at\/ws\/wp-json\/wp\/v2\/types\/page"}],"author":[{"embeddable":true,"href":"https:\/\/www.weis-gmbh.at\/ws\/wp-json\/wp\/v2\/users\/1"}],"replies":[{"embeddable":true,"href":"https:\/\/www.weis-gmbh.at\/ws\/wp-json\/wp\/v2\/comments?post=66"}],"version-history":[{"count":62,"href":"https:\/\/www.weis-gmbh.at\/ws\/wp-json\/wp\/v2\/pages\/66\/revisions"}],"predecessor-version":[{"id":613,"href":"https:\/\/www.weis-gmbh.at\/ws\/wp-json\/wp\/v2\/pages\/66\/revisions\/613"}],"wp:attachment":[{"href":"https:\/\/www.weis-gmbh.at\/ws\/wp-json\/wp\/v2\/media?parent=66"}],"curies":[{"name":"wp","href":"https:\/\/api.w.org\/{rel}","templated":true}]}}