{"id":157,"date":"2019-08-29T16:57:56","date_gmt":"2019-08-29T14:57:56","guid":{"rendered":"https:\/\/www.weis-gmbh.at\/ws\/?page_id=157"},"modified":"2025-12-09T22:09:05","modified_gmt":"2025-12-09T21:09:05","slug":"aktuelles-2","status":"publish","type":"page","link":"https:\/\/www.weis-gmbh.at\/ws\/aktuelles-2\/","title":{"rendered":"Aktuelles"},"content":{"rendered":"\t\t<div data-elementor-type=\"wp-page\" data-elementor-id=\"157\" class=\"elementor elementor-157\">\n\t\t\t\t\t\t<section class=\"elementor-section elementor-top-section elementor-element elementor-element-63c42d38 elementor-section-boxed elementor-section-height-default elementor-section-height-default\" data-id=\"63c42d38\" data-element_type=\"section\">\n\t\t\t\t\t\t<div class=\"elementor-container elementor-column-gap-default\">\n\t\t\t\t\t<div class=\"elementor-column elementor-col-100 elementor-top-column elementor-element elementor-element-32f20fdb\" data-id=\"32f20fdb\" data-element_type=\"column\">\n\t\t\t<div class=\"elementor-widget-wrap elementor-element-populated\">\n\t\t\t\t\t\t<div class=\"elementor-element elementor-element-7d3024cd elementor-widget elementor-widget-text-editor\" data-id=\"7d3024cd\" data-element_type=\"widget\" data-widget_type=\"text-editor.default\">\n\t\t\t\t<div class=\"elementor-widget-container\">\n\t\t\t\t\t\t\t\t\t\n<figure class=\"wp-block-image size-large\"><img fetchpriority=\"high\" decoding=\"async\" width=\"726\" height=\"1024\" class=\"wp-image-556\" src=\"https:\/\/www.weis-gmbh.at\/ws\/wp-content\/uploads\/2025\/12\/bm26-hoch-2-726x1024.jpg\" alt=\"\" srcset=\"https:\/\/www.weis-gmbh.at\/ws\/wp-content\/uploads\/2025\/12\/bm26-hoch-2-726x1024.jpg 726w, https:\/\/www.weis-gmbh.at\/ws\/wp-content\/uploads\/2025\/12\/bm26-hoch-2-213x300.jpg 213w, https:\/\/www.weis-gmbh.at\/ws\/wp-content\/uploads\/2025\/12\/bm26-hoch-2-768x1084.jpg 768w, https:\/\/www.weis-gmbh.at\/ws\/wp-content\/uploads\/2025\/12\/bm26-hoch-2-1089x1536.jpg 1089w, https:\/\/www.weis-gmbh.at\/ws\/wp-content\/uploads\/2025\/12\/bm26-hoch-2-1451x2048.jpg 1451w, https:\/\/www.weis-gmbh.at\/ws\/wp-content\/uploads\/2025\/12\/bm26-hoch-2.jpg 1696w\" sizes=\"(max-width: 726px) 100vw, 726px\" \/><\/figure>\n\n<h2 class=\"wp-block-heading\" style=\"text-align: center;\"><span style=\"font-size: 24pt; font-family: 'trebuchet ms', geneva, sans-serif;\">Besuchen Sie uns bei Der Baumesse in Oberwart am 29.01 bis 01.02.2026, wir freuen uns Sie begr\u00fc\u00dfen zu k\u00f6nnen ! Ihr Team der Fa. Weis GmbH !<\/span><\/h2>\n\t\t\t\t\t\t\t\t<\/div>\n\t\t\t\t<\/div>\n\t\t\t\t\t<\/div>\n\t\t<\/div>\n\t\t\t\t\t<\/div>\n\t\t<\/section>\n\t\t\t\t<\/div>\n\t\t","protected":false},"excerpt":{"rendered":"<p>Besuchen Sie uns bei Der Baumesse in Oberwart am 29.01 bis 01.02.2026, wir freuen uns Sie begr\u00fc\u00dfen zu k\u00f6nnen ! Ihr Team der Fa. Weis GmbH !<\/p>\n","protected":false},"author":1,"featured_media":0,"parent":0,"menu_order":0,"comment_status":"closed","ping_status":"closed","template":"","meta":{"_monsterinsights_skip_tracking":false,"_monsterinsights_sitenote_active":false,"_monsterinsights_sitenote_note":"","_monsterinsights_sitenote_category":0,"footnotes":""},"class_list":["post-157","page","type-page","status-publish","hentry"],"aioseo_notices":[],"_links":{"self":[{"href":"https:\/\/www.weis-gmbh.at\/ws\/wp-json\/wp\/v2\/pages\/157","targetHints":{"allow":["GET"]}}],"collection":[{"href":"https:\/\/www.weis-gmbh.at\/ws\/wp-json\/wp\/v2\/pages"}],"about":[{"href":"https:\/\/www.weis-gmbh.at\/ws\/wp-json\/wp\/v2\/types\/page"}],"author":[{"embeddable":true,"href":"https:\/\/www.weis-gmbh.at\/ws\/wp-json\/wp\/v2\/users\/1"}],"replies":[{"embeddable":true,"href":"https:\/\/www.weis-gmbh.at\/ws\/wp-json\/wp\/v2\/comments?post=157"}],"version-history":[{"count":29,"href":"https:\/\/www.weis-gmbh.at\/ws\/wp-json\/wp\/v2\/pages\/157\/revisions"}],"predecessor-version":[{"id":563,"href":"https:\/\/www.weis-gmbh.at\/ws\/wp-json\/wp\/v2\/pages\/157\/revisions\/563"}],"wp:attachment":[{"href":"https:\/\/www.weis-gmbh.at\/ws\/wp-json\/wp\/v2\/media?parent=157"}],"curies":[{"name":"wp","href":"https:\/\/api.w.org\/{rel}","templated":true}]}}