{"id":142,"date":"2019-08-29T16:44:04","date_gmt":"2019-08-29T14:44:04","guid":{"rendered":"https:\/\/www.weis-gmbh.at\/ws\/?page_id=142"},"modified":"2020-01-05T10:00:22","modified_gmt":"2020-01-05T09:00:22","slug":"schauraum-2","status":"publish","type":"page","link":"https:\/\/www.weis-gmbh.at\/ws\/schauraum-2\/","title":{"rendered":"Schauraum"},"content":{"rendered":"\n<p>Kommen Sie noch heute bei unserem Schauraum in 8240 Friedberg, Sonnenweg 2 vorbei. <br>Wir haben f\u00fcr Sie von Montag bis Freitag von 08:00 bis 12:00 Uhr ge\u00f6ffnet, <br>au\u00dferhalb unserer \u00d6ffnungszeiten vereinbaren Sie&nbsp; einfach telefonisch&nbsp;einen Termin f\u00fcr eine Schauraumbesichtigung unter 0676\/4323929.<\/p>\n\n\n\n<p>Machen Sie sich einen ersten Eindruck bei einem <\/p>\n\n\n\n<figure class=\"wp-block-image\"><a href=\"https:\/\/my.matterport.com\/show\/?m=fiscZhobmfu\" target=\"_blank\" rel=\"noreferrer noopener\"><img fetchpriority=\"high\" decoding=\"async\" width=\"877\" height=\"569\" src=\"https:\/\/www.weis-gmbh.at\/ws\/wp-content\/uploads\/2020\/01\/Rundschau.jpg\" alt=\"\" class=\"wp-image-329\" srcset=\"https:\/\/www.weis-gmbh.at\/ws\/wp-content\/uploads\/2020\/01\/Rundschau.jpg 877w, https:\/\/www.weis-gmbh.at\/ws\/wp-content\/uploads\/2020\/01\/Rundschau-300x195.jpg 300w, https:\/\/www.weis-gmbh.at\/ws\/wp-content\/uploads\/2020\/01\/Rundschau-768x498.jpg 768w\" sizes=\"(max-width: 877px) 100vw, 877px\" \/><\/a><\/figure>\n\n\n\n<p>oder in unserer Bildergalerie:<\/p>\n\n\n\n<ul class=\"wp-block-gallery columns-2 is-cropped wp-block-gallery-1 is-layout-flex wp-block-gallery-is-layout-flex\"><li class=\"blocks-gallery-item\"><figure><img decoding=\"async\" width=\"1024\" height=\"683\" src=\"https:\/\/www.weis-gmbh.at\/ws\/wp-content\/uploads\/2019\/08\/Bild-HAUS-Internorm-1024x683.jpg\" alt=\"\" data-id=\"143\" data-link=\"https:\/\/www.weis-gmbh.at\/ws\/?attachment_id=143\" class=\"wp-image-143\" srcset=\"https:\/\/www.weis-gmbh.at\/ws\/wp-content\/uploads\/2019\/08\/Bild-HAUS-Internorm-1024x683.jpg 1024w, https:\/\/www.weis-gmbh.at\/ws\/wp-content\/uploads\/2019\/08\/Bild-HAUS-Internorm-300x200.jpg 300w, https:\/\/www.weis-gmbh.at\/ws\/wp-content\/uploads\/2019\/08\/Bild-HAUS-Internorm-768x512.jpg 768w\" sizes=\"(max-width: 1024px) 100vw, 1024px\" \/><\/figure><\/li><li class=\"blocks-gallery-item\"><figure><img decoding=\"async\" width=\"1024\" height=\"683\" src=\"https:\/\/www.weis-gmbh.at\/ws\/wp-content\/uploads\/2019\/08\/IMG_1240-2-1024x683.jpg\" alt=\"\" data-id=\"144\" data-link=\"https:\/\/www.weis-gmbh.at\/ws\/?attachment_id=144\" class=\"wp-image-144\" srcset=\"https:\/\/www.weis-gmbh.at\/ws\/wp-content\/uploads\/2019\/08\/IMG_1240-2-1024x683.jpg 1024w, https:\/\/www.weis-gmbh.at\/ws\/wp-content\/uploads\/2019\/08\/IMG_1240-2-300x200.jpg 300w, https:\/\/www.weis-gmbh.at\/ws\/wp-content\/uploads\/2019\/08\/IMG_1240-2-768x512.jpg 768w\" sizes=\"(max-width: 1024px) 100vw, 1024px\" \/><\/figure><\/li><li class=\"blocks-gallery-item\"><figure><img loading=\"lazy\" decoding=\"async\" width=\"1024\" height=\"682\" src=\"https:\/\/www.weis-gmbh.at\/ws\/wp-content\/uploads\/2019\/08\/k-IMG_1242-1024x682.jpg\" alt=\"\" data-id=\"145\" data-link=\"https:\/\/www.weis-gmbh.at\/ws\/?attachment_id=145\" class=\"wp-image-145\" srcset=\"https:\/\/www.weis-gmbh.at\/ws\/wp-content\/uploads\/2019\/08\/k-IMG_1242-1024x682.jpg 1024w, https:\/\/www.weis-gmbh.at\/ws\/wp-content\/uploads\/2019\/08\/k-IMG_1242-300x200.jpg 300w, https:\/\/www.weis-gmbh.at\/ws\/wp-content\/uploads\/2019\/08\/k-IMG_1242-768x512.jpg 768w\" sizes=\"(max-width: 1024px) 100vw, 1024px\" \/><\/figure><\/li><li class=\"blocks-gallery-item\"><figure><img loading=\"lazy\" decoding=\"async\" width=\"1024\" height=\"682\" src=\"https:\/\/www.weis-gmbh.at\/ws\/wp-content\/uploads\/2019\/08\/k-IMG_1245-1024x682.jpg\" alt=\"\" data-id=\"147\" data-link=\"https:\/\/www.weis-gmbh.at\/ws\/?attachment_id=147\" class=\"wp-image-147\" srcset=\"https:\/\/www.weis-gmbh.at\/ws\/wp-content\/uploads\/2019\/08\/k-IMG_1245-1024x682.jpg 1024w, https:\/\/www.weis-gmbh.at\/ws\/wp-content\/uploads\/2019\/08\/k-IMG_1245-300x200.jpg 300w, https:\/\/www.weis-gmbh.at\/ws\/wp-content\/uploads\/2019\/08\/k-IMG_1245-768x512.jpg 768w\" sizes=\"(max-width: 1024px) 100vw, 1024px\" \/><\/figure><\/li><li class=\"blocks-gallery-item\"><figure><img loading=\"lazy\" decoding=\"async\" width=\"1024\" height=\"682\" src=\"https:\/\/www.weis-gmbh.at\/ws\/wp-content\/uploads\/2019\/08\/k-IMG_1249_1-1024x682.jpg\" alt=\"\" data-id=\"149\" data-link=\"https:\/\/www.weis-gmbh.at\/ws\/?attachment_id=149\" class=\"wp-image-149\" srcset=\"https:\/\/www.weis-gmbh.at\/ws\/wp-content\/uploads\/2019\/08\/k-IMG_1249_1-1024x682.jpg 1024w, https:\/\/www.weis-gmbh.at\/ws\/wp-content\/uploads\/2019\/08\/k-IMG_1249_1-300x200.jpg 300w, https:\/\/www.weis-gmbh.at\/ws\/wp-content\/uploads\/2019\/08\/k-IMG_1249_1-768x512.jpg 768w\" sizes=\"(max-width: 1024px) 100vw, 1024px\" \/><\/figure><\/li><li class=\"blocks-gallery-item\"><figure><img loading=\"lazy\" decoding=\"async\" width=\"1024\" height=\"682\" src=\"https:\/\/www.weis-gmbh.at\/ws\/wp-content\/uploads\/2019\/08\/k-IMG_1248-1-1024x682.jpg\" alt=\"\" data-id=\"154\" data-link=\"https:\/\/www.weis-gmbh.at\/ws\/schauraum-2\/k-img_1248-1\/\" class=\"wp-image-154\" srcset=\"https:\/\/www.weis-gmbh.at\/ws\/wp-content\/uploads\/2019\/08\/k-IMG_1248-1-1024x682.jpg 1024w, https:\/\/www.weis-gmbh.at\/ws\/wp-content\/uploads\/2019\/08\/k-IMG_1248-1-300x200.jpg 300w, https:\/\/www.weis-gmbh.at\/ws\/wp-content\/uploads\/2019\/08\/k-IMG_1248-1-768x512.jpg 768w\" sizes=\"(max-width: 1024px) 100vw, 1024px\" \/><\/figure><\/li><\/ul>\n\n\n\n<p><\/p>\n","protected":false},"excerpt":{"rendered":"<p>Kommen Sie noch heute bei unserem Schauraum in 8240 Friedberg, Sonnenweg 2 vorbei. Wir haben f\u00fcr Sie von Montag bis Freitag von 08:00 bis 12:00 Uhr ge\u00f6ffnet, au\u00dferhalb unserer \u00d6ffnungszeiten vereinbaren Sie&nbsp; einfach telefonisch&nbsp;einen Termin f\u00fcr eine Schauraumbesichtigung unter 0676\/4323929. Machen Sie sich einen ersten Eindruck bei einem oder in unserer Bildergalerie:<\/p>\n","protected":false},"author":1,"featured_media":0,"parent":0,"menu_order":0,"comment_status":"closed","ping_status":"closed","template":"","meta":{"_monsterinsights_skip_tracking":false,"_monsterinsights_sitenote_active":false,"_monsterinsights_sitenote_note":"","_monsterinsights_sitenote_category":0,"footnotes":""},"class_list":["post-142","page","type-page","status-publish","hentry"],"aioseo_notices":[],"_links":{"self":[{"href":"https:\/\/www.weis-gmbh.at\/ws\/wp-json\/wp\/v2\/pages\/142","targetHints":{"allow":["GET"]}}],"collection":[{"href":"https:\/\/www.weis-gmbh.at\/ws\/wp-json\/wp\/v2\/pages"}],"about":[{"href":"https:\/\/www.weis-gmbh.at\/ws\/wp-json\/wp\/v2\/types\/page"}],"author":[{"embeddable":true,"href":"https:\/\/www.weis-gmbh.at\/ws\/wp-json\/wp\/v2\/users\/1"}],"replies":[{"embeddable":true,"href":"https:\/\/www.weis-gmbh.at\/ws\/wp-json\/wp\/v2\/comments?post=142"}],"version-history":[{"count":5,"href":"https:\/\/www.weis-gmbh.at\/ws\/wp-json\/wp\/v2\/pages\/142\/revisions"}],"predecessor-version":[{"id":330,"href":"https:\/\/www.weis-gmbh.at\/ws\/wp-json\/wp\/v2\/pages\/142\/revisions\/330"}],"wp:attachment":[{"href":"https:\/\/www.weis-gmbh.at\/ws\/wp-json\/wp\/v2\/media?parent=142"}],"curies":[{"name":"wp","href":"https:\/\/api.w.org\/{rel}","templated":true}]}}