{"id":107,"date":"2019-08-29T14:28:06","date_gmt":"2019-08-29T12:28:06","guid":{"rendered":"https:\/\/www.weis-gmbh.at\/ws\/?page_id=107"},"modified":"2019-10-20T11:31:11","modified_gmt":"2019-10-20T09:31:11","slug":"fenster","status":"publish","type":"page","link":"https:\/\/www.weis-gmbh.at\/ws\/leistungen\/fenster\/","title":{"rendered":"Fenster"},"content":{"rendered":"\n<p>Fenster und T\u00fcren vollenden ihre Leistung im Hintergrund. Das garantieren wir.<\/p>\n\n\n\n<p>Durch \u00f6sterreichische Qualit\u00e4tsprodukte und den fachgerechten Einbau.<\/p>\n\n\n\n<p class=\"has-text-color has-vivid-red-color\">Durch die Partnerfirma <strong><a href=\"https:\/\/www.internorm.com\/de-at\/\" target=\"_blank\" rel=\"noreferrer noopener\" aria-label=\" (opens in a new tab)\">Internorm <\/a><\/strong>ergibt sich eine gro\u00dfe Flexibilit\u00e4t im Bereich der Fenstertechnik und auch ein gutes Preisleistungsverh\u00e4ltnis.<\/p>\n\n\n\n<ul class=\"wp-block-gallery columns-1 is-cropped\">\n<li class=\"blocks-gallery-item\">\n<figure><a href=\"https:\/\/www.internorm.com\/de-at\/\" target=\"_blank\" rel=\"noopener noreferrer\"><img fetchpriority=\"high\" decoding=\"async\" width=\"936\" height=\"239\" class=\"wp-image-288\" src=\"https:\/\/www.weis-gmbh.at\/ws\/wp-content\/uploads\/2019\/10\/Internorm_Logo_rot-1.gif\" alt=\"\" data-id=\"288\" data-link=\"https:\/\/www.weis-gmbh.at\/ws\/leistungen\/fenster\/internorm_logo_rot-1\/\" \/><\/a><\/figure>\n<\/li>\n<\/ul>\n\n\n\n<div class=\"wp-block-image\"><figure class=\"aligncenter is-resized\"><img decoding=\"async\" src=\"https:\/\/www.weis-gmbh.at\/ws\/wp-content\/uploads\/2019\/08\/IMG_1243-e1567081252781-787x1024.jpg\" alt=\"\" class=\"wp-image-40\" width=\"396\" height=\"514\" srcset=\"https:\/\/www.weis-gmbh.at\/ws\/wp-content\/uploads\/2019\/08\/IMG_1243-e1567081252781-787x1024.jpg 787w, https:\/\/www.weis-gmbh.at\/ws\/wp-content\/uploads\/2019\/08\/IMG_1243-e1567081252781-231x300.jpg 231w, https:\/\/www.weis-gmbh.at\/ws\/wp-content\/uploads\/2019\/08\/IMG_1243-e1567081252781-768x999.jpg 768w, https:\/\/www.weis-gmbh.at\/ws\/wp-content\/uploads\/2019\/08\/IMG_1243-e1567081252781.jpg 1973w\" sizes=\"(max-width: 396px) 100vw, 396px\" \/><\/figure><\/div>\n\n\n\n<p> Ein weiteres Markenzeichen der Weis GmbH ist das anbieten von Komplettl\u00f6sungen: der Kunde erh\u00e4lt einen Ansprechpatner f\u00fcr alle Arbeitsschritte und einen gut koordinierten und nahtlos ineinander \u00fcbergehenden Arbeitsablauf, der im Bereich Sanierung und Rohbau sehr wichtig ist.<\/p>\n","protected":false},"excerpt":{"rendered":"<p>Fenster und T\u00fcren vollenden ihre Leistung im Hintergrund. Das garantieren wir. Durch \u00f6sterreichische Qualit\u00e4tsprodukte und den fachgerechten Einbau. Durch die Partnerfirma Internorm ergibt sich eine gro\u00dfe Flexibilit\u00e4t im Bereich der Fenstertechnik und auch ein gutes Preisleistungsverh\u00e4ltnis. Ein weiteres Markenzeichen der Weis GmbH ist das anbieten von Komplettl\u00f6sungen: der Kunde erh\u00e4lt einen Ansprechpatner f\u00fcr alle Arbeitsschritte [&hellip;]<\/p>\n","protected":false},"author":1,"featured_media":0,"parent":73,"menu_order":1,"comment_status":"closed","ping_status":"closed","template":"","meta":{"_monsterinsights_skip_tracking":false,"_monsterinsights_sitenote_active":false,"_monsterinsights_sitenote_note":"","_monsterinsights_sitenote_category":0,"footnotes":""},"class_list":["post-107","page","type-page","status-publish","hentry"],"aioseo_notices":[],"_links":{"self":[{"href":"https:\/\/www.weis-gmbh.at\/ws\/wp-json\/wp\/v2\/pages\/107","targetHints":{"allow":["GET"]}}],"collection":[{"href":"https:\/\/www.weis-gmbh.at\/ws\/wp-json\/wp\/v2\/pages"}],"about":[{"href":"https:\/\/www.weis-gmbh.at\/ws\/wp-json\/wp\/v2\/types\/page"}],"author":[{"embeddable":true,"href":"https:\/\/www.weis-gmbh.at\/ws\/wp-json\/wp\/v2\/users\/1"}],"replies":[{"embeddable":true,"href":"https:\/\/www.weis-gmbh.at\/ws\/wp-json\/wp\/v2\/comments?post=107"}],"version-history":[{"count":4,"href":"https:\/\/www.weis-gmbh.at\/ws\/wp-json\/wp\/v2\/pages\/107\/revisions"}],"predecessor-version":[{"id":290,"href":"https:\/\/www.weis-gmbh.at\/ws\/wp-json\/wp\/v2\/pages\/107\/revisions\/290"}],"up":[{"embeddable":true,"href":"https:\/\/www.weis-gmbh.at\/ws\/wp-json\/wp\/v2\/pages\/73"}],"wp:attachment":[{"href":"https:\/\/www.weis-gmbh.at\/ws\/wp-json\/wp\/v2\/media?parent=107"}],"curies":[{"name":"wp","href":"https:\/\/api.w.org\/{rel}","templated":true}]}}